{"id":396,"date":"2025-01-09T14:04:38","date_gmt":"2025-01-09T13:04:38","guid":{"rendered":"https:\/\/sailingmoon.fr\/?page_id=396"},"modified":"2025-01-09T14:04:38","modified_gmt":"2025-01-09T13:04:38","slug":"mentions-legales","status":"publish","type":"page","link":"https:\/\/sailingmoon.fr\/index.php\/mentions-legales\/","title":{"rendered":"Mentions l\u00e9gales"},"content":{"rendered":"<p>[et_pb_section fb_built=\u00a0\u00bb1&Prime; theme_builder_area=\u00a0\u00bbpost_content\u00a0\u00bb _builder_version=\u00a0\u00bb4.20.4&Prime; _module_preset=\u00a0\u00bbdefault\u00a0\u00bb][et_pb_row _builder_version=\u00a0\u00bb4.20.4&Prime; _module_preset=\u00a0\u00bbdefault\u00a0\u00bb theme_builder_area=\u00a0\u00bbpost_content\u00a0\u00bb][et_pb_column _builder_version=\u00a0\u00bb4.20.4&Prime; _module_preset=\u00a0\u00bbdefault\u00a0\u00bb type=\u00a0\u00bb4_4&Prime; theme_builder_area=\u00a0\u00bbpost_content\u00a0\u00bb][et_pb_text _builder_version=\u00a0\u00bb4.20.4&Prime; _module_preset=\u00a0\u00bbdefault\u00a0\u00bb theme_builder_area=\u00a0\u00bbpost_content\u00a0\u00bb hover_enabled=\u00a0\u00bb0&Prime; sticky_enabled=\u00a0\u00bb0&Prime;]<\/p>\n<div class=\"et_pb_module et_pb_text et_pb_text_0  et_pb_text_align_left et_pb_bg_layout_light\">\n<div class=\"et_pb_text_inner\">\n<div class=\"e1356-6 x-text\">\n<h1><span><strong>Mentions l\u00e9gales et conditions d\u2019utilisation du site internet<\/strong><\/span><\/h1>\n<\/div>\n<\/div>\n<\/div>\n<div class=\"et_pb_module et_pb_text et_pb_text_1  et_pb_text_align_left et_pb_bg_layout_light\">\n<div class=\"et_pb_text_inner\">\n<div class=\"e1356-6 x-text\">\n<p>La poursuite de la navigation sur ce site vaut acceptation sans r\u00e9serve des dispositions et conditions d\u2019utilisation qui suivent.<\/p>\n<p>La version actuellement en ligne de ces conditions d\u2019utilisation est la seule opposable pendant toute la dur\u00e9e d\u2019utilisation du site et jusqu\u2019\u00e0 ce qu\u2019une nouvelle version la remplace.<\/p>\n<h2><b><span>Article 1 \u2013\u00a0Informations l\u00e9gales<\/span><\/b><\/h2>\n<p><strong>1.1 \u00a0\u00a0<\/strong>Site (ci-apr\u00e8s \u00ab le site \u00bb) : www.sailingmoon.fr<\/p>\n<p><strong>1.2<\/strong><span>\u00a0<\/span>\u00a0 \u00c9diteur (ci-apr\u00e8s \u00ab l\u2019\u00e9diteur \u00bb) : SAS Gibus<\/p>\n<p>Responsable \u00e9ditorial : Monsieur Olivier Lapierre<\/p>\n<p>Adresse : 926 Chemin du Mas de Roulan, 30000 N\u00eemes<\/p>\n<p>A l\u2019attention du service communication.<\/p>\n<p><strong>1.3<\/strong><span>\u00a0<\/span>\u00a0 Conception et r\u00e9alisation\u00a0:<span>\u00a0<\/span><strong>GAYA Conseil \u2013<span>\u00a0<\/span><\/strong>55, route de Louhans 71 370 Saint Germain du Plain<\/p>\n<p>Num\u00e9ro de t\u00e9l\u00e9phone : 06 81 65 61 13<\/p>\n<p>Adresse de courrier \u00e9lectronique\u00a0: contact@gayaconseil.com<\/p>\n<p>Web : www.gayaconseil.com<\/p>\n<p>GAYA Conseil est une marque de GAYA D\u00e9veloppement et Strat\u00e9gie, SARL au capital de 10 000 \u20ac, immatricul\u00e9e au RCS de Chalon sur Sa\u00f4ne sous le Num\u00e9ro 809 526 981.<\/p>\n<p><b>1.4 \u00a0\u00a0<\/b>H\u00e9bergeur (ci-apr\u00e8s \u00ab\u00a0l\u2019h\u00e9bergeur\u00a0\u00bb)\u00a0:<span>\u00a0<\/span><strong>OVH<\/strong><span>\u00a0<\/span>-2, rue Kellermann \u2013 BP 80157 \u2013 59 053 ROUBAIX CEDEX 1 \u2013 France<\/p>\n<p>Num\u00e9ro de t\u00e9l\u00e9phone : 0 820 698 765<\/p>\n<p>Adresse de courrier \u00e9lectronique\u00a0: support@ovh.com<\/p>\n<p>Web : www.ovh.com<\/p>\n<p>SAS au capital de 10 000 000 \u20ac \u2013 immatricul\u00e9e au RCS de Roubaix-Tourcoing sous le Num\u00e9ro 424 761 419<span><\/span><\/p>\n<h2><b><span>Article 2 \u2013\u00a0Acc\u00e8s au site<\/span><\/b><\/h2>\n<p>Le site est accessible 24h\/24 et 7 jours\/7, \u00e0 l\u2019exception des plages de maintenance.<\/p>\n<p>La soci\u00e9t\u00e9 Gaya D\u00e9veloppement et Strat\u00e9gie ne saurait garantir que le fonctionnement du site sera ininterrompu.<\/p>\n<p>L\u2019acc\u00e8s au site et son utilisation sont r\u00e9serv\u00e9s \u00e0 un usage strictement personnel. Vous vous engagez \u00e0 ne pas utiliser ce site et les informations ou donn\u00e9es qui y figurent \u00e0 des fins commerciales, politiques, publicitaires et pour toute forme de sollicitation commerciale et notamment l\u2019envoi de courriers \u00e9lectroniques non sollicit\u00e9s.<\/p>\n<h2><b><span>Article 3 \u2013\u00a0Contenu du site, Copyright et Droits d\u2019auteur<\/span><\/b><\/h2>\n<p>Le pr\u00e9sent site propose des informations relatives aux activit\u00e9s de la soci\u00e9t\u00e9 Gaya D\u00e9veloppement et Strat\u00e9gie et de ses filiales. La soci\u00e9t\u00e9 Gaya D\u00e9veloppement et Strat\u00e9gie s\u2019efforce d\u2019assurer l\u2019exactitude et la mise \u00e0 jour des informations diffus\u00e9es sur le Site et elle se r\u00e9serve le droit \u00e0 tout moment et \u00e0 son enti\u00e8re discr\u00e9tion de corriger le contenu du site.<\/p>\n<p>Toutes les marques, photographies, textes, commentaires, illustrations, images anim\u00e9es ou non, s\u00e9quences vid\u00e9o, sons, ainsi que toutes les applications informatiques qui pourraient \u00eatre utilis\u00e9es pour faire fonctionner ce site et plus g\u00e9n\u00e9ralement tous les \u00e9l\u00e9ments reproduits ou utilis\u00e9s sur le site sont prot\u00e9g\u00e9s par les lois en vigueur au titre de la propri\u00e9t\u00e9 intellectuelle.<\/p>\n<p>Ils sont la propri\u00e9t\u00e9 pleine et enti\u00e8re de l\u2019\u00e9diteur et de son partenaire Gaya Communication. Toute reproduction, repr\u00e9sentation, utilisation ou adaptation, sous quelque forme que ce soit, de tout ou partie de ces \u00e9l\u00e9ments, y compris les applications informatiques, sans l\u2019accord pr\u00e9alable et \u00e9crit de l\u2019\u00e9diteur, sont strictement interdites.<\/p>\n<p>Le fait pour l\u2019\u00e9diteur de ne pas engager de proc\u00e9dure d\u00e8s la prise de connaissance de ces utilisations non autoris\u00e9es ne vaut pas acceptation desdites utilisations et renonciation aux poursuites.<\/p>\n<p><span>L\u2019ensemble de ces \u00e9l\u00e9ments constituent des \u0153uvres de l\u2019esprit prot\u00e9g\u00e9es par les articles L.111-1 et suivants du Code de la propri\u00e9t\u00e9 intellectuelle.<\/span><\/p>\n<p><span>L\u2019usage de tout ou partie du Site, notamment par extraction, t\u00e9l\u00e9chargement, reproduction, transmission, \u201creverse engineering\u201d, d\u00e9compilation, d\u00e9sassemblage, repr\u00e9sentation ou diffusion \u00e0 d\u2019autres fins que pour l\u2019usage personnel et priv\u00e9 dans un but non commercial de l\u2019internaute est strictement interdit. La violation de ces dispositions soumet son auteur aux sanctions pr\u00e9vues tant par le Code de la propri\u00e9t\u00e9 intellectuelle au titre notamment de la contrefa\u00e7on de droits d\u2019auteur (articles L.335-3 et suivants), de droit des marques (articles L.716-9 et suivants) que par le Code civil en mati\u00e8re de responsabilit\u00e9 civile (article 9, articles 1382 et suivants).<\/span><\/p>\n<h2><b><span>Article 4 \u2013\u00a0Gestion du site<\/span><\/b><\/h2>\n<p>Pour la bonne gestion du site, l\u2019\u00e9diteur pourra \u00e0 tout moment\u00a0:<\/p>\n<p>\u2013\u00a0\u00a0suspendre, interrompre ou de limiter l\u2019acc\u00e8s \u00e0 tout ou partie du site, r\u00e9server l\u2019acc\u00e8s au site, ou \u00e0 certaines parties du site, \u00e0 une cat\u00e9gorie d\u00e9termin\u00e9e d\u2019internaute\u00a0;<\/p>\n<p>\u2013\u00a0\u00a0supprimer toute information pouvant en perturber le fonctionnement ou entrant en contravention avec les lois nationales ou internationales, ou avec les r\u00e8gles de la N\u00e9tiquette\u00a0;<\/p>\n<p>\u2013\u00a0\u00a0suspendre le site afin de proc\u00e9der \u00e0 des mises \u00e0 jour.<\/p>\n<h2><b><span>Article 5 \u2013\u00a0Responsabilit\u00e9s<\/span><\/b><\/h2>\n<p>La responsabilit\u00e9 de l\u2019\u00e9diteur ne peut \u00eatre engag\u00e9e en cas de d\u00e9faillance, panne, difficult\u00e9 ou interruption de fonctionnement, emp\u00eachant l\u2019acc\u00e8s au site ou \u00e0 une de ses fonctionnalit\u00e9s.<\/p>\n<p>Le mat\u00e9riel de connexion au site que vous utilisez est sous votre enti\u00e8re responsabilit\u00e9. Vous devez prendre toutes les mesures appropri\u00e9es pour prot\u00e9ger votre mat\u00e9riel et vos propres donn\u00e9es notamment d\u2019attaques virales par Internet. Vous \u00eates par ailleurs le seul responsable des sites et donn\u00e9es que vous consultez.<\/p>\n<p>L\u2019\u00e9diteur ne pourra \u00eatre tenu responsable en cas de poursuites judiciaires \u00e0 votre encontre\u00a0:<\/p>\n<p>\u2013\u00a0\u00a0du fait de l\u2019usage du site ou de tout service accessible<span>\u00a0<\/span><em>via<\/em><span>\u00a0<\/span>Internet\u00a0;<\/p>\n<p>\u2013\u00a0\u00a0du fait du non-respect par vous des pr\u00e9sentes conditions g\u00e9n\u00e9rales.<\/p>\n<p>L\u2019\u00e9diteur n\u2019est pas responsable des dommages caus\u00e9s \u00e0 vous-m\u00eame, \u00e0 des tiers et\/ou \u00e0 votre \u00e9quipement du fait de votre connexion ou de votre utilisation du site et vous renoncez \u00e0 toute action contre lui de ce fait.<\/p>\n<p>Si l\u2019\u00e9diteur venait \u00e0 faire l\u2019objet d\u2019une proc\u00e9dure amiable ou judiciaire \u00e0 raison de votre utilisation du site, il pourra retourner contre vous pour obtenir indemnisation de tous les pr\u00e9judices, sommes, condamnations et frais qui pourraient d\u00e9couler de cette proc\u00e9dure.<\/p>\n<h2><b><span>Article 6 \u2013\u00a0Liens hypertextes<\/span><\/b><\/h2>\n<p>La mise en place de tous liens hypertextes vers tout ou partie du site est strictement interdite, sauf autorisation pr\u00e9alable et \u00e9crite de l\u2019\u00e9diteur, sollicit\u00e9e par courriel \u00e0 l\u2019adresse suivante\u00a0:<\/p>\n<p>L\u2019\u00e9diteur est libre de refuser cette autorisation sans avoir \u00e0 justifier de quelque mani\u00e8re que ce soit sa d\u00e9cision. Dans le cas o\u00f9 l\u2019\u00e9diteur accorderait son autorisation, celle-ci n\u2019est dans tous les cas que temporaire et pourra \u00eatre retir\u00e9e \u00e0 tout moment, sans obligation de justification \u00e0 la charge de l\u2019\u00e9diteur.<\/p>\n<p>Dans tous les cas, tout lien devra \u00eatre retir\u00e9 sur simple demande de l\u2019\u00e9diteur.<\/p>\n<p>Toute information accessible<span>\u00a0<\/span><em>via<\/em><span>\u00a0<\/span>un lien vers d\u2019autres sites n\u2019est pas sous le contr\u00f4le de l\u2019\u00e9diteur qui d\u00e9cline toute responsabilit\u00e9 quant \u00e0 leur contenu.<b>\u00a0<\/b><\/p>\n<h2><b><span>Article 7 \u2013\u00a0Protection des donn\u00e9es \u00e0 caract\u00e8re personnel<\/span><\/b><\/h2>\n<p><b><span>7.1\u00a0Collecte des donn\u00e9es personnelles<br \/><\/span><\/b>Les donn\u00e9es \u00e0 caract\u00e8re personnel qui sont collect\u00e9es sur ce site (ou \u00ab\u00a0Plateforme\u00a0\u00bb) sont les suivantes\u00a0:<\/p>\n<ul>\n<li><strong>Fiche contact<\/strong>: lors de la compl\u00e9tude de la fiche contact, ses nom, pr\u00e9nom, adresse \u00e9lectronique, num\u00e9ro de t\u00e9l\u00e9phone.<\/li>\n<li><strong>Profil<\/strong>: l\u2019utilisation des prestations pr\u00e9vues sur la Plateforme permet de renseigner un profil, pouvant comprendre une adresse et un num\u00e9ro de t\u00e9l\u00e9phone.<\/li>\n<li><strong>Cookies<\/strong>: les cookies sont utilis\u00e9s, dans le cadre de l\u2019utilisation du site. L\u2019utilisateur a la possibilit\u00e9 de d\u00e9sactiver les cookies \u00e0 partir des param\u00e8tres de son navigateur.<em>\u00a0<\/em><\/li>\n<\/ul>\n<p><b><span>7.2\u00a0Utilisation des donn\u00e9es personnelles<br \/><\/span><\/b>Les donn\u00e9es personnelles collect\u00e9es aupr\u00e8s des utilisateurs ont pour objectif la mise \u00e0 disposition des services de la Plateforme, leur am\u00e9lioration et le maintien d\u2019un environnement s\u00e9curis\u00e9. Plus pr\u00e9cis\u00e9ment, les utilisations sont les suivantes\u00a0:<\/p>\n<ul>\n<li>utilisation des donn\u00e9es \u00ab\u00a0fiche contact\u00a0\u00bb afin de r\u00e9pondre \u00e0 la demande de l\u2019utilisateur<\/li>\n<li>pr\u00e9vention et d\u00e9tection des fraudes, malwares (malicious softwares ou logiciels malveillants) et gestion des incidents de s\u00e9curit\u00e9\u00a0;<\/li>\n<li>envoi d\u2019informations commerciales et publicitaires, en fonction des pr\u00e9f\u00e9rences de l\u2019utilisateur.<span>\u00a0<\/span><\/li>\n<\/ul>\n<p><b><span>7.3\u00a0Partage des donn\u00e9es personnelles avec des tiers<br \/><\/span><\/b>Les donn\u00e9es personnelles peuvent \u00eatre partag\u00e9es avec des soci\u00e9t\u00e9s tierces du groupe auquel appartient l\u2019\u00e9diteur, dans les cas suivants\u00a0:<\/p>\n<ul>\n<li>\n<p>quand l\u2019utilisateur utilise la \u00ab\u00a0fiche contact\u00a0\u00bb<\/p>\n<\/li>\n<li>quand l\u2019utilisateur autorise le site web d\u2019un tiers \u00e0 acc\u00e9der \u00e0 ses donn\u00e9es\u00a0;<\/li>\n<li>si la loi l\u2019exige, la Plateforme peut effectuer la transmission de donn\u00e9es pour donner suite aux r\u00e9clamations pr\u00e9sent\u00e9es contre la Plateforme et se conformer aux proc\u00e9dures administratives et judiciaires\u00a0;<\/li>\n<li>si la Plateforme est impliqu\u00e9e dans une op\u00e9ration de fusion, acquisition, cession d\u2019actifs ou proc\u00e9dure de redressement judiciaire, elle pourra \u00eatre amen\u00e9e \u00e0 c\u00e9der ou partager tout ou partie de ses actifs, y compris les donn\u00e9es \u00e0 caract\u00e8re personnel. Dans ce cas, les utilisateurs seraient inform\u00e9s, avant que les donn\u00e9es \u00e0 caract\u00e8re personnel ne soient transf\u00e9r\u00e9es \u00e0 une tierce partie.<b>\u00a0<\/b><\/li>\n<\/ul>\n<p><b><span>7.4\u00a0S\u00e9curit\u00e9 et confidentialit\u00e9<br \/><\/span><\/b>La Plateforme met en \u0153uvre des mesures organisationnelles, techniques, logicielles et physiques en mati\u00e8re de s\u00e9curit\u00e9 du num\u00e9rique pour prot\u00e9ger les donn\u00e9es personnelles contre les alt\u00e9rations, destructions et acc\u00e8s non autoris\u00e9s. Toutefois, il est \u00e0 signaler qu\u2019internet n\u2019est pas un environnement compl\u00e8tement s\u00e9curis\u00e9 et la Plateforme ne peut pas garantir la s\u00e9curit\u00e9 de la transmission ou du stockage des informations sur internet.<b>\u00a0<\/b><\/p>\n<p><b><span>7.5\u00a0Mise en \u0153uvre des droits des utilisateurs<br \/><\/span><\/b>En application de la r\u00e9glementation applicable aux donn\u00e9es \u00e0 caract\u00e8re personnel, les utilisateurs disposent des droits suivants\u00a0:<\/p>\n<ul>\n<li>si les donn\u00e9es \u00e0 caract\u00e8re personnel d\u00e9tenues par la Plateforme sont inexactes, ils peuvent demander la mise \u00e0 jour des informations, en \u00e9crivant \u00e0 l\u2019adresse \u00e9lectronique suivante : contact@gayaconseil.com<\/li>\n<li>les utilisateurs peuvent demander la suppression de leurs donn\u00e9es \u00e0 caract\u00e8re personnel, conform\u00e9ment aux lois applicables en mati\u00e8re de protection des donn\u00e9es, en \u00e9crivant \u00e0 l\u2019adresse \u00e9lectronique suivante : contact@gayaconseil.com<\/li>\n<\/ul>\n<p>En cas de difficult\u00e9 en lien avec la gestion de vos donn\u00e9es personnelles, vous pouvez adresser une r\u00e9clamation aupr\u00e8s du comit\u00e9 de pilotage \u00ab COPIL \u00bb \u00e0 la protection des donn\u00e9es du Groupe Gaya D\u00e9veloppement et Strat\u00e9gie par courrier \u00e0 l\u2019adresse suivante : 55 route de Louhans, 71370, Saint Germain du Plain<\/p>\n<p>Ou par mail \u00e0 contact@gayaconseil.com<\/p>\n<p>Vous disposez \u00e9galement du droit d\u2019intenter une action aupr\u00e8s de la CNIL.<\/p>\n<p><b><span>7.6\u00a0\u00c9volution de la pr\u00e9sente clause<br \/><\/span><\/b>La Plateforme se r\u00e9serve le droit d\u2019apporter toute modification \u00e0 la pr\u00e9sente clause relative \u00e0 la protection des donn\u00e9es \u00e0 caract\u00e8re personnel \u00e0 tout moment. Si une modification est apport\u00e9e \u00e0 la pr\u00e9sente clause de protection des donn\u00e9es \u00e0 caract\u00e8re personnel, la Plateforme s\u2019engage \u00e0 publier la nouvelle version sur son site.<\/p>\n<h2><b><span>Article 8 \u2013\u00a0Cookies<\/span><\/b><\/h2>\n<p>Le site peut collecter automatiquement des informations standards. Toutes les informations collect\u00e9es indirectement ne seront utilis\u00e9es que pour suivre le volume, le type et la configuration du trafic utilisant ce site, pour en d\u00e9velopper la conception et l\u2019agencement et \u00e0 d\u2019autres fins administratives et de planification et plus g\u00e9n\u00e9ralement pour am\u00e9liorer le service que nous vous offrons.<\/p>\n<p>Si vous souhaitez en tant qu\u2019utilisateur vous opposer \u00e0 ce traitement, vous pouvez d\u00e9sactiver les cookies dans votre navigateur en suivant les proc\u00e9dures\u00a0sp\u00e9cifiques \u00e0 chaque navigateur : Mozilla Firefox ; Google Chrome ; Internet Explorer ; Opera ; Safari ; iOs ; Android ; Windows Phon\u00a0; etc. \u2026<\/p>\n<p><span><em><strong>Vous trouverez ci-dessous les \u00e9l\u00e9ments encadrant l\u2019utilisation des cookies, auquel ce site se conforme (informations CNIL) :<\/strong><\/em><\/span><\/p>\n<ul>\n<li>une information doit \u00eatre donn\u00e9e aux utilisateurs qui doivent pouvoir s\u2019opposer au traitement (cette opposition doit pouvoir se faire depuis n\u2019importe quel terminal),<\/li>\n<li>les donn\u00e9es collect\u00e9es ne doivent pas \u00eatre recoup\u00e9es avec d\u2019autres traitements (fichiers clients ou statistiques de fr\u00e9quentation d\u2019autres sites par exemple),<\/li>\n<li>le traceur d\u00e9pos\u00e9 ne doit servir qu\u2019\u00e0 la production de statistiques anonymes et ne doit pas permettre le suivi de la navigation sur diff\u00e9rents sites. Il ne doit pas \u00eatre conserv\u00e9 au-del\u00e0 de 13 mois et ne doit pas \u00eatre prorog\u00e9 lors des nouvelles visites,<\/li>\n<li>les donn\u00e9es de fr\u00e9quentation brutes associant un identifiant ne doivent pas non plus \u00eatre conserv\u00e9es plus de 13 mois,<\/li>\n<li>l\u2019utilisation de l\u2019adresse IP pour g\u00e9olocaliser l\u2019usager ne doit pas permettre de d\u00e9terminer sa rue : seuls les deux premiers octets des adresses IPv4 peuvent \u00eatre conserv\u00e9s et \u00e9ventuellement utilis\u00e9s pour de la g\u00e9o localisation (pour IPv6 seuls les 6 premiers octets peuvent \u00eatre conserv\u00e9s).<span>\u00a0<\/span><\/li>\n<\/ul>\n<p><em><strong>Lois de r\u00e9f\u00e9rence :<\/strong><\/em><\/p>\n<ul>\n<li>Loi 78-17 du 6 janvier 1978 Loi relative \u00e0 l\u2019informatique, aux fichiers et aux libert\u00e9s, modifi\u00e9 et R\u00e8glement g\u00e9n\u00e9ral sur la protection des donn\u00e9es personnelles (RGPD) n\u00b0 (UE) 2016\/679 du 27 avril 2016<\/li>\n<li>Loi du 29 juillet 1881 Loi sur la libert\u00e9 de la presse<\/li>\n<li><span>Loi 2000-719 du 1er ao\u00fbt 2000 Extrait de la loi portant sur la responsabilit\u00e9 des prestataires<\/span><\/li>\n<\/ul>\n<h2><b><span>Article 9 \u2013\u00a0Loi applicable<\/span><\/b><\/h2>\n<p>Les pr\u00e9sentes conditions d\u2019utilisation du site sont r\u00e9gies par la loi fran\u00e7aise et soumises \u00e0 la comp\u00e9tence des tribunaux de .<\/p>\n<h2><b><span>Article 10 \u2013\u00a0Contactez-nous<\/span><\/b><\/h2>\n<p>Pour toute question, information sur les prestations de services, pr\u00e9sent\u00e9es sur le site, ou concernant le site lui-m\u00eame, vous pouvez laisser un message \u00e0 l\u2019adresse suivante : contact@gayaconseil.com<\/p>\n<\/div>\n<\/div>\n<\/div>\n<p>[\/et_pb_text][\/et_pb_column][\/et_pb_row][\/et_pb_section]<\/p>\n","protected":false},"excerpt":{"rendered":"<p>Mentions l\u00e9gales et conditions d\u2019utilisation du site internet La poursuite de la navigation sur ce site vaut acceptation sans r\u00e9serve des dispositions et conditions d\u2019utilisation qui suivent. La version actuellement en ligne de ces conditions d\u2019utilisation est la seule opposable pendant toute la dur\u00e9e d\u2019utilisation du site et jusqu\u2019\u00e0 ce qu\u2019une nouvelle version la remplace. [&hellip;]<\/p>\n","protected":false},"author":2,"featured_media":0,"parent":0,"menu_order":0,"comment_status":"closed","ping_status":"closed","template":"","meta":{"_et_pb_use_builder":"on","_et_pb_old_content":"","_et_gb_content_width":"","footnotes":""},"class_list":["post-396","page","type-page","status-publish","hentry"],"_links":{"self":[{"href":"https:\/\/sailingmoon.fr\/index.php\/wp-json\/wp\/v2\/pages\/396","targetHints":{"allow":["GET"]}}],"collection":[{"href":"https:\/\/sailingmoon.fr\/index.php\/wp-json\/wp\/v2\/pages"}],"about":[{"href":"https:\/\/sailingmoon.fr\/index.php\/wp-json\/wp\/v2\/types\/page"}],"author":[{"embeddable":true,"href":"https:\/\/sailingmoon.fr\/index.php\/wp-json\/wp\/v2\/users\/2"}],"replies":[{"embeddable":true,"href":"https:\/\/sailingmoon.fr\/index.php\/wp-json\/wp\/v2\/comments?post=396"}],"version-history":[{"count":3,"href":"https:\/\/sailingmoon.fr\/index.php\/wp-json\/wp\/v2\/pages\/396\/revisions"}],"predecessor-version":[{"id":400,"href":"https:\/\/sailingmoon.fr\/index.php\/wp-json\/wp\/v2\/pages\/396\/revisions\/400"}],"wp:attachment":[{"href":"https:\/\/sailingmoon.fr\/index.php\/wp-json\/wp\/v2\/media?parent=396"}],"curies":[{"name":"wp","href":"https:\/\/api.w.org\/{rel}","templated":true}]}}