{"id":253,"date":"2024-01-05T11:01:19","date_gmt":"2024-01-05T10:01:19","guid":{"rendered":"https:\/\/sailingmoon.fr\/?page_id=253"},"modified":"2025-01-09T16:46:49","modified_gmt":"2025-01-09T15:46:49","slug":"tarifs-location","status":"publish","type":"page","link":"https:\/\/sailingmoon.fr\/index.php\/tarifs-location\/","title":{"rendered":"Tarifs &#038; Location"},"content":{"rendered":"<p>[et_pb_section fb_built=\u00a0\u00bb1&Prime; _builder_version=\u00a0\u00bb4.20.4&Prime; _module_preset=\u00a0\u00bbdefault\u00a0\u00bb background_enable_color=\u00a0\u00bboff\u00a0\u00bb use_background_color_gradient=\u00a0\u00bbon\u00a0\u00bb background_color_gradient_stops=\u00a0\u00bbrgba(255,255,255,0) 0%|#ffffff 60%\u00a0\u00bb background_image=\u00a0\u00bbhttps:\/\/sailingmoon.fr\/wp-content\/uploads\/2024\/01\/Sailingmoon-Navigation-05974.jpg\u00a0\u00bb global_colors_info=\u00a0\u00bb{}\u00a0\u00bb][et_pb_row _builder_version=\u00a0\u00bb4.20.4&Prime; _module_preset=\u00a0\u00bbdefault\u00a0\u00bb max_width=\u00a0\u00bb2560px\u00a0\u00bb custom_margin=\u00a0\u00bb100px||100px||false|false\u00a0\u00bb custom_padding=\u00a0\u00bb0px||0px||false|false\u00a0\u00bb global_colors_info=\u00a0\u00bb{}\u00a0\u00bb][et_pb_column type=\u00a0\u00bb4_4&Prime; _builder_version=\u00a0\u00bb4.20.4&Prime; _module_preset=\u00a0\u00bbdefault\u00a0\u00bb global_colors_info=\u00a0\u00bb{}\u00a0\u00bb][et_pb_text _builder_version=\u00a0\u00bb4.20.4&Prime; _module_preset=\u00a0\u00bbdefault\u00a0\u00bb text_text_color=\u00a0\u00bb#FFFFFF\u00a0\u00bb text_orientation=\u00a0\u00bbcenter\u00a0\u00bb text_text_shadow_style=\u00a0\u00bbpreset2&Prime; global_colors_info=\u00a0\u00bb{}\u00a0\u00bb]<\/p>\n<h1 style=\"text-align: center;\"><span style=\"color: #ffffff;\"><strong>Tarifs &amp; Location<\/strong><\/span><\/h1>\n<p>[\/et_pb_text][\/et_pb_column][\/et_pb_row][\/et_pb_section][et_pb_section fb_built=\u00a0\u00bb1&Prime; _builder_version=\u00a0\u00bb4.20.4&Prime; _module_preset=\u00a0\u00bbdefault\u00a0\u00bb custom_margin=\u00a0\u00bb0px||0px||false|false\u00a0\u00bb custom_padding=\u00a0\u00bb20px||0px||false|false\u00a0\u00bb global_colors_info=\u00a0\u00bb{}\u00a0\u00bb][et_pb_row column_structure=\u00a0\u00bb1_2,1_2&Prime; _builder_version=\u00a0\u00bb4.20.4&Prime; _module_preset=\u00a0\u00bbdefault\u00a0\u00bb hover_enabled=\u00a0\u00bb0&Prime; custom_css_main_element=\u00a0\u00bbmargin:auto;\u00a0\u00bb global_colors_info=\u00a0\u00bb{}\u00a0\u00bb sticky_enabled=\u00a0\u00bb0&Prime; make_equal=\u00a0\u00bbon\u00a0\u00bb][et_pb_column type=\u00a0\u00bb1_2&Prime; _builder_version=\u00a0\u00bb4.20.4&Prime; _module_preset=\u00a0\u00bbdefault\u00a0\u00bb hover_enabled=\u00a0\u00bb0&Prime; custom_css_main_element=\u00a0\u00bbmargin:auto;\u00a0\u00bb global_colors_info=\u00a0\u00bb{}\u00a0\u00bb sticky_enabled=\u00a0\u00bb0&Prime;][et_pb_text _builder_version=\u00a0\u00bb4.20.4&Prime; _module_preset=\u00a0\u00bbdefault\u00a0\u00bb global_colors_info=\u00a0\u00bb{}\u00a0\u00bb]<\/p>\n<h2>Louer le Sailing Moon<\/h2>\n<h3><\/h3>\n<h3>Cap sur la libert\u00e9 : l&rsquo;\u00e9vasion sur mesure<\/h3>\n<p>Louer le Sailing Moon, c&rsquo;est s&rsquo;offrir une exp\u00e9rience de voyage unique, alliant confort, libert\u00e9 et s\u00e9r\u00e9nit\u00e9.<\/p>\n<p>Avec un itin\u00e9raire personnalis\u00e9, vous pouvez naviguer \u00e0 votre rythme et explorer des paysages \u00e0 couper le souffle. Que ce soit pour d\u00e9couvrir des criques secr\u00e8tes, plonger dans des eaux cristallines ou admirer des couchers de soleil idylliques, chaque escale devient un moment magique.<\/p>\n<p>Le skipper, expert de la r\u00e9gion, assure votre s\u00e9curit\u00e9 tout en partageant des anecdotes locales et des conseils pr\u00e9cieux. Lib\u00e9r\u00e9 des contraintes de navigation, vous profitez pleinement de l&rsquo;instant, en parfaite harmonie avec la nature et l&rsquo;immensit\u00e9 des horizons.<\/p>\n<p>Une aventure sur mesure qui promet des souvenirs inoubliables.<\/p>\n<p>[\/et_pb_text][\/et_pb_column][et_pb_column type=\u00a0\u00bb1_2&Prime; _builder_version=\u00a0\u00bb4.20.4&Prime; _module_preset=\u00a0\u00bbdefault\u00a0\u00bb hover_enabled=\u00a0\u00bb0&Prime; custom_css_main_element=\u00a0\u00bbmargin:auto;\u00a0\u00bb global_colors_info=\u00a0\u00bb{}\u00a0\u00bb sticky_enabled=\u00a0\u00bb0&Prime;][et_pb_image src=\u00a0\u00bbhttps:\/\/sailingmoon.fr\/wp-content\/uploads\/2024\/01\/Sailingmoon-Navigation-05272.jpg\u00a0\u00bb alt=\u00a0\u00bbsailing moon\u00a0\u00bb title_text=\u00a0\u00bbSailingmoon &#8211; Navigation &#8211; 05272&Prime; _builder_version=\u00a0\u00bb4.20.4&Prime; _module_preset=\u00a0\u00bbdefault\u00a0\u00bb hover_enabled=\u00a0\u00bb0&Prime; global_colors_info=\u00a0\u00bb{}\u00a0\u00bb sticky_enabled=\u00a0\u00bb0&Prime;][\/et_pb_image][\/et_pb_column][\/et_pb_row][et_pb_row _builder_version=\u00a0\u00bb4.20.4&Prime; _module_preset=\u00a0\u00bbdefault\u00a0\u00bb global_colors_info=\u00a0\u00bb{}\u00a0\u00bb][et_pb_column type=\u00a0\u00bb4_4&Prime; _builder_version=\u00a0\u00bb4.20.4&Prime; _module_preset=\u00a0\u00bbdefault\u00a0\u00bb global_colors_info=\u00a0\u00bb{}\u00a0\u00bb][et_pb_text _builder_version=\u00a0\u00bb4.20.4&Prime; _module_preset=\u00a0\u00bbdefault\u00a0\u00bb global_colors_info=\u00a0\u00bb{}\u00a0\u00bb]<\/p>\n<h2>Nos tarifs de location du catamaran Sailing Moon<\/h2>\n<p>[\/et_pb_text][\/et_pb_column][\/et_pb_row][et_pb_row column_structure=\u00a0\u00bb1_3,1_3,1_3&Prime; _builder_version=\u00a0\u00bb4.20.4&Prime; _module_preset=\u00a0\u00bbdefault\u00a0\u00bb global_colors_info=\u00a0\u00bb{}\u00a0\u00bb][et_pb_column type=\u00a0\u00bb1_3&Prime; _builder_version=\u00a0\u00bb4.20.4&Prime; _module_preset=\u00a0\u00bbdefault\u00a0\u00bb global_colors_info=\u00a0\u00bb{}\u00a0\u00bb][et_pb_pricing_tables featured_table_background_color=\u00a0\u00bb#7ebec5&Prime; featured_table_header_background_color=\u00a0\u00bb#7ebec5&Prime; featured_table_bullet_color=\u00a0\u00bb#7ebec5&Prime; bullet_color=\u00a0\u00bb#7ebec5&Prime; show_featured_drop_shadow=\u00a0\u00bboff\u00a0\u00bb featured_table_currency_frequency_text_color=\u00a0\u00bb#778899&Prime; _builder_version=\u00a0\u00bb4.20.4&Prime; _module_preset=\u00a0\u00bb3afd094c-049d-4dd3-923f-afb274f88ea5&Prime; currency_frequency_text_color=\u00a0\u00bb#778899&Prime; header_level=\u00a0\u00bbh3&Prime; header_font=\u00a0\u00bb||||||||\u00a0\u00bb subheader_font_size=\u00a0\u00bb16px\u00a0\u00bb price_font_size=\u00a0\u00bb60px\u00a0\u00bb custom_padding=\u00a0\u00bb||10px||false|false\u00a0\u00bb global_colors_info=\u00a0\u00bb{}\u00a0\u00bb][et_pb_pricing_table featured=\u00a0\u00bbon\u00a0\u00bb title=\u00a0\u00bbBasse saison\u00a0\u00bb subtitle=\u00a0\u00bbA partir de\u00a0\u00bb currency=\u00a0\u00bb\u20ac\u00a0\u00bb sum=\u00a0\u00bb20 000&Prime; _builder_version=\u00a0\u00bb4.20.4&Prime; _module_preset=\u00a0\u00bbdefault\u00a0\u00bb background_color=\u00a0\u00bb#FFFFFF\u00a0\u00bb background_enable_color=\u00a0\u00bbon\u00a0\u00bb global_colors_info=\u00a0\u00bb{}\u00a0\u00bb sticky_transition=\u00a0\u00bbon\u00a0\u00bb]<\/p>\n<p><span>Lorem ipsum dolor sit amet, consectetur adipiscing elit<\/span><\/p>\n<p><span>Lorem ipsum dolor sit amet, consectetur adipiscing elit<\/span><\/p>\n<p><span>Lorem ipsum dolor sit amet, consectetur adipiscing elit<\/span><\/p>\n<p>[\/et_pb_pricing_table][\/et_pb_pricing_tables][\/et_pb_column][et_pb_column type=\u00a0\u00bb1_3&Prime; _builder_version=\u00a0\u00bb4.20.4&Prime; _module_preset=\u00a0\u00bbdefault\u00a0\u00bb global_colors_info=\u00a0\u00bb{}\u00a0\u00bb][et_pb_pricing_tables featured_table_background_color=\u00a0\u00bb#7ebec5&Prime; featured_table_header_background_color=\u00a0\u00bb#7ebec5&Prime; featured_table_bullet_color=\u00a0\u00bb#7ebec5&Prime; bullet_color=\u00a0\u00bb#7ebec5&Prime; show_featured_drop_shadow=\u00a0\u00bboff\u00a0\u00bb featured_table_currency_frequency_text_color=\u00a0\u00bb#778899&Prime; _builder_version=\u00a0\u00bb4.20.4&Prime; _module_preset=\u00a0\u00bb3afd094c-049d-4dd3-923f-afb274f88ea5&Prime; currency_frequency_text_color=\u00a0\u00bb#778899&Prime; header_level=\u00a0\u00bbh3&Prime; header_font=\u00a0\u00bb||||||||\u00a0\u00bb subheader_font_size=\u00a0\u00bb16px\u00a0\u00bb price_font_size=\u00a0\u00bb60px\u00a0\u00bb custom_padding=\u00a0\u00bb||10px||false|false\u00a0\u00bb global_colors_info=\u00a0\u00bb{}\u00a0\u00bb][et_pb_pricing_table featured=\u00a0\u00bbon\u00a0\u00bb title=\u00a0\u00bbMoyenne saison\u00a0\u00bb subtitle=\u00a0\u00bbA partir de\u00a0\u00bb currency=\u00a0\u00bb\u20ac\u00a0\u00bb sum=\u00a0\u00bb22 000&Prime; _builder_version=\u00a0\u00bb4.20.4&Prime; _module_preset=\u00a0\u00bbdefault\u00a0\u00bb background_color=\u00a0\u00bb#FFFFFF\u00a0\u00bb background_enable_color=\u00a0\u00bbon\u00a0\u00bb global_colors_info=\u00a0\u00bb{}\u00a0\u00bb sticky_transition=\u00a0\u00bbon\u00a0\u00bb]<\/p>\n<p><span>Lorem ipsum dolor sit amet, consectetur adipiscing elit<\/span><\/p>\n<p><span>Lorem ipsum dolor sit amet, consectetur adipiscing elit<\/span><\/p>\n<p><span>Lorem ipsum dolor sit amet, consectetur adipiscing elit<\/span><\/p>\n<p>[\/et_pb_pricing_table][\/et_pb_pricing_tables][\/et_pb_column][et_pb_column type=\u00a0\u00bb1_3&Prime; _builder_version=\u00a0\u00bb4.20.4&Prime; _module_preset=\u00a0\u00bbdefault\u00a0\u00bb global_colors_info=\u00a0\u00bb{}\u00a0\u00bb][et_pb_pricing_tables featured_table_background_color=\u00a0\u00bb#7ebec5&Prime; featured_table_header_background_color=\u00a0\u00bb#7ebec5&Prime; featured_table_bullet_color=\u00a0\u00bb#7ebec5&Prime; bullet_color=\u00a0\u00bb#7ebec5&Prime; show_featured_drop_shadow=\u00a0\u00bboff\u00a0\u00bb featured_table_currency_frequency_text_color=\u00a0\u00bb#778899&Prime; _builder_version=\u00a0\u00bb4.20.4&Prime; _module_preset=\u00a0\u00bb3afd094c-049d-4dd3-923f-afb274f88ea5&Prime; currency_frequency_text_color=\u00a0\u00bb#778899&Prime; header_level=\u00a0\u00bbh3&Prime; header_font=\u00a0\u00bb||||||||\u00a0\u00bb subheader_font_size=\u00a0\u00bb16px\u00a0\u00bb price_font_size=\u00a0\u00bb60px\u00a0\u00bb custom_padding=\u00a0\u00bb||10px||false|false\u00a0\u00bb global_colors_info=\u00a0\u00bb{}\u00a0\u00bb][et_pb_pricing_table featured=\u00a0\u00bbon\u00a0\u00bb title=\u00a0\u00bbHaute saison\u00a0\u00bb subtitle=\u00a0\u00bbA partir de\u00a0\u00bb currency=\u00a0\u00bb\u20ac\u00a0\u00bb sum=\u00a0\u00bb25 000&Prime; _builder_version=\u00a0\u00bb4.20.4&Prime; _module_preset=\u00a0\u00bbdefault\u00a0\u00bb background_color=\u00a0\u00bb#FFFFFF\u00a0\u00bb background_enable_color=\u00a0\u00bbon\u00a0\u00bb global_colors_info=\u00a0\u00bb{}\u00a0\u00bb sticky_transition=\u00a0\u00bbon\u00a0\u00bb]<\/p>\n<p><span>Lorem ipsum dolor sit amet, consectetur adipiscing elit<\/span><\/p>\n<p><span>Lorem ipsum dolor sit amet, consectetur adipiscing elit<\/span><\/p>\n<p><span>Lorem ipsum dolor sit amet, consectetur adipiscing elit<\/span><\/p>\n<p>[\/et_pb_pricing_table][\/et_pb_pricing_tables][\/et_pb_column][\/et_pb_row][et_pb_row _builder_version=\u00a0\u00bb4.20.4&Prime; _module_preset=\u00a0\u00bbdefault\u00a0\u00bb global_colors_info=\u00a0\u00bb{}\u00a0\u00bb][et_pb_column type=\u00a0\u00bb4_4&Prime; _builder_version=\u00a0\u00bb4.20.4&Prime; _module_preset=\u00a0\u00bbdefault\u00a0\u00bb global_colors_info=\u00a0\u00bb{}\u00a0\u00bb][et_pb_button button_text=\u00a0\u00bbDemander un devis\u00a0\u00bb button_alignment=\u00a0\u00bbcenter\u00a0\u00bb _builder_version=\u00a0\u00bb4.20.4&Prime; _module_preset=\u00a0\u00bbdefault\u00a0\u00bb hover_enabled=\u00a0\u00bb0&Prime; global_colors_info=\u00a0\u00bb{}\u00a0\u00bb button_url=\u00a0\u00bbhttps:\/\/sailingmoon.fr\/index.php\/reservation\/\u00a0\u00bb sticky_enabled=\u00a0\u00bb0&Prime;][\/et_pb_button][\/et_pb_column][\/et_pb_row][et_pb_row _builder_version=\u00a0\u00bb4.20.4&Prime; _module_preset=\u00a0\u00bbdefault\u00a0\u00bb custom_margin=\u00a0\u00bb0px||0px||false|false\u00a0\u00bb custom_padding=\u00a0\u00bb0px||20px||false|false\u00a0\u00bb global_colors_info=\u00a0\u00bb{}\u00a0\u00bb][et_pb_column type=\u00a0\u00bb4_4&Prime; _builder_version=\u00a0\u00bb4.20.4&Prime; _module_preset=\u00a0\u00bbdefault\u00a0\u00bb global_colors_info=\u00a0\u00bb{}\u00a0\u00bb][et_pb_text _builder_version=\u00a0\u00bb4.20.4&Prime; _module_preset=\u00a0\u00bbdefault\u00a0\u00bb global_colors_info=\u00a0\u00bb{}\u00a0\u00bb]<\/p>\n<p><strong>Tarifs location catamaran TTC en Euros et hors APA<\/strong>\u00a0(Advance Provisioning Allowance \u2013 Avance \/ l\u2019indemnit\u00e9 de provisionnement anticip\u00e9) soit 20% de la semaine. Cet APA sert \u00e0 financer l\u2019achat de la nourriture et des boissons, la consommation de carburant, les avances faites par la compagnie de type, Marinas et autres r\u00e9servations pour le compte des clients). Ce qui n\u2019est pas consomm\u00e9 est rembours\u00e9 \u00e0 la suite du Charter.<\/p>\n<p><strong>Ces tarifs comprennent : assurance tous risques et la place de port \u00e0 Marseille.<\/strong><\/p>\n<p><strong>Nettoyage retour de location :<\/strong><span>\u00a0<\/span>450\u20ac TTC<\/p>\n<p>Une liste de choix (pr\u00e9f\u00e9rences culinaires, choix des visites, etc.) est demand\u00e9e quelques semaines avant le d\u00e9but de la croisi\u00e8re sur le catamaran afin de g\u00e9rer les\u00a0 approvisionnements et l\u2019organisation pour le compte des clients.<\/p>\n<p>[\/et_pb_text][\/et_pb_column][\/et_pb_row][\/et_pb_section][et_pb_section fb_built=\u00a0\u00bb1&Prime; prev_background_color=\u00a0\u00bb#ffffff\u00a0\u00bb _builder_version=\u00a0\u00bb4.20.4&Prime; _module_preset=\u00a0\u00bbdefault\u00a0\u00bb background_color=\u00a0\u00bb#7ebec5&Prime; custom_margin=\u00a0\u00bb||0px||false|false\u00a0\u00bb custom_padding=\u00a0\u00bb70px||0px||false|false\u00a0\u00bb top_divider_style=\u00a0\u00bbramp2&Prime; global_colors_info=\u00a0\u00bb{}\u00a0\u00bb][et_pb_row _builder_version=\u00a0\u00bb4.20.4&Prime; _module_preset=\u00a0\u00bbdefault\u00a0\u00bb column_structure=\u00a0\u00bb1_2,1_2&Prime; hover_enabled=\u00a0\u00bb0&Prime; sticky_enabled=\u00a0\u00bb0&Prime;][et_pb_column _builder_version=\u00a0\u00bb4.20.4&Prime; _module_preset=\u00a0\u00bbdefault\u00a0\u00bb type=\u00a0\u00bb1_2&Prime;][et_pb_text _builder_version=\u00a0\u00bb4.20.4&Prime; _module_preset=\u00a0\u00bbdefault\u00a0\u00bb text_text_color=\u00a0\u00bb#FFFFFF\u00a0\u00bb custom_margin=\u00a0\u00bb60px||||false|false\u00a0\u00bb global_colors_info=\u00a0\u00bb{}\u00a0\u00bb]<\/p>\n<h2><span style=\"color: #ffffff;\">Questions fr\u00e9quentes<\/span><\/h2>\n<p>[\/et_pb_text][\/et_pb_column][et_pb_column _builder_version=\u00a0\u00bb4.20.4&Prime; _module_preset=\u00a0\u00bbdefault\u00a0\u00bb type=\u00a0\u00bb1_2&Prime;][et_pb_text _builder_version=\u00a0\u00bb4.20.4&Prime; _module_preset=\u00a0\u00bbdefault\u00a0\u00bb custom_margin=\u00a0\u00bb60px||||false|false\u00a0\u00bb global_colors_info=\u00a0\u00bb{}\u00a0\u00bb]<\/p>\n<h2><span style=\"color: #ffffff;\">Visite vid\u00e9o<\/span><\/h2>\n<p>[\/et_pb_text][\/et_pb_column][\/et_pb_row][et_pb_row column_structure=\u00a0\u00bb1_2,1_2&Prime; _builder_version=\u00a0\u00bb4.20.4&Prime; _module_preset=\u00a0\u00bbdefault\u00a0\u00bb custom_padding=\u00a0\u00bb0px||0px||false|false\u00a0\u00bb hover_enabled=\u00a0\u00bb0&Prime; global_colors_info=\u00a0\u00bb{}\u00a0\u00bb custom_css_main_element=\u00a0\u00bbmargin:auto;\u00a0\u00bb sticky_enabled=\u00a0\u00bb0&Prime; make_equal=\u00a0\u00bbon\u00a0\u00bb][et_pb_column type=\u00a0\u00bb1_2&Prime; _builder_version=\u00a0\u00bb4.20.4&Prime; _module_preset=\u00a0\u00bbdefault\u00a0\u00bb hover_enabled=\u00a0\u00bb0&Prime; global_colors_info=\u00a0\u00bb{}\u00a0\u00bb custom_css_main_element=\u00a0\u00bbmargin:auto;\u00a0\u00bb sticky_enabled=\u00a0\u00bb0&Prime;][et_pb_accordion _builder_version=\u00a0\u00bb4.20.4&Prime; _module_preset=\u00a0\u00bbdefault\u00a0\u00bb custom_margin=\u00a0\u00bb||30px||false|false\u00a0\u00bb global_colors_info=\u00a0\u00bb{}\u00a0\u00bb][et_pb_accordion_item title=\u00a0\u00bbCombien de couchages sont disponibles ?\u00a0\u00bb open=\u00a0\u00bbon\u00a0\u00bb closed_toggle_text_color=\u00a0\u00bb#7EBEC5&Prime; icon_color=\u00a0\u00bb#7EBEC5&Prime; toggle_icon=\u00a0\u00bb&#x4c;||divi||400&Prime; _builder_version=\u00a0\u00bb4.20.4&Prime; _module_preset=\u00a0\u00bbdefault\u00a0\u00bb border_width_all=\u00a0\u00bb0px\u00a0\u00bb global_colors_info=\u00a0\u00bb{}\u00a0\u00bb toggle_level=\u00a0\u00bbh4&Prime;]<\/p>\n<p>L<span>orem ipsum dolor sit amet, consectetur adipiscing elit, sed do eiusmod tempor incididunt ut labore et dolore magna aliqua. Malesuada fames ac turpis egestas integer eget aliquet nibh praesent. Nec dui nunc mattis enim ut tellus elementum sagittis vitae. Habitant morbi tristique senectus et.<\/span><\/p>\n<p>[\/et_pb_accordion_item][et_pb_accordion_item title=\u00a0\u00bbPuis-je inviter d&rsquo;autres personnes \u00e0 bord ?\u00a0\u00bb closed_toggle_text_color=\u00a0\u00bb#7EBEC5&Prime; icon_color=\u00a0\u00bb#7EBEC5&Prime; toggle_icon=\u00a0\u00bb&#x4c;||divi||400&Prime; _builder_version=\u00a0\u00bb4.20.4&Prime; _module_preset=\u00a0\u00bbdefault\u00a0\u00bb border_width_all=\u00a0\u00bb0px\u00a0\u00bb global_colors_info=\u00a0\u00bb{}\u00a0\u00bb toggle_level=\u00a0\u00bbh4&Prime; open=\u00a0\u00bboff\u00a0\u00bb]<\/p>\n<p>Seules les personnes dont le nom a \u00e9t\u00e9 d\u00e9clar\u00e9 \u00e0 la r\u00e9servation sont autoris\u00e9es lors des p\u00e9riodes de navigation, mais vous pouvez inviter votre famille au vous amis \u00e0 partager de bons moments lors du mouillage.<\/p>\n<p>[\/et_pb_accordion_item][et_pb_accordion_item title=\u00a0\u00bbPuis-je participer aux manoeuvres et \u00e0 la navigation ?\u00a0\u00bb closed_toggle_text_color=\u00a0\u00bb#7EBEC5&Prime; icon_color=\u00a0\u00bb#7EBEC5&Prime; toggle_icon=\u00a0\u00bb&#x4c;||divi||400&Prime; _builder_version=\u00a0\u00bb4.20.4&Prime; _module_preset=\u00a0\u00bbdefault\u00a0\u00bb border_width_all=\u00a0\u00bb0px\u00a0\u00bb global_colors_info=\u00a0\u00bb{}\u00a0\u00bb toggle_level=\u00a0\u00bbh4&Prime; open=\u00a0\u00bboff\u00a0\u00bb]<\/p>\n<p>Louer un bateau avec skipper, c\u2019est bien plus qu&rsquo;une simple balade en mer. C\u2019est aussi l\u2019opportunit\u00e9 de partager les connaissances et l\u2019exp\u00e9rience de l\u2019\u00e9quipage pour ceux qui souhaitent en savoir plus sur la navigation.<\/p>\n<p>Si vous le souhaitez, votre skipper se fera un plaisir de vous guider et de vous enseigner les bases de la navigation, de la conduite du bateau, ainsi que les diff\u00e9rentes man\u0153uvres.<\/p>\n<p>Cependant, cela reste enti\u00e8rement facultatif : l\u2019objectif principal est de profiter pleinement du voyage, des paysages magnifiques et de la tranquillit\u00e9 de l\u2019oc\u00e9an. \u00c0 chacun de choisir son niveau d\u2019implication selon ses envies !<\/p>\n<p>[\/et_pb_accordion_item][et_pb_accordion_item title=\u00a0\u00bbQuel est le point de d\u00e9part du bateau ?\u00a0\u00bb closed_toggle_text_color=\u00a0\u00bb#7EBEC5&Prime; icon_color=\u00a0\u00bb#7EBEC5&Prime; toggle_icon=\u00a0\u00bb&#x4c;||divi||400&Prime; _builder_version=\u00a0\u00bb4.20.4&Prime; _module_preset=\u00a0\u00bbdefault\u00a0\u00bb border_width_all=\u00a0\u00bb0px\u00a0\u00bb global_colors_info=\u00a0\u00bb{}\u00a0\u00bb toggle_level=\u00a0\u00bbh4&Prime; open=\u00a0\u00bboff\u00a0\u00bb]<\/p>\n<p>L<span>orem ipsum dolor sit amet, consectetur adipiscing elit, sed do eiusmod tempor incididunt ut labore et dolore magna aliqua. Malesuada fames ac turpis egestas integer eget aliquet nibh praesent. Nec dui nunc mattis enim ut tellus elementum sagittis vitae. Habitant morbi tristique senectus et.<\/span><\/p>\n<p>[\/et_pb_accordion_item][\/et_pb_accordion][\/et_pb_column][et_pb_column type=\u00a0\u00bb1_2&Prime; _builder_version=\u00a0\u00bb4.20.4&Prime; _module_preset=\u00a0\u00bbdefault\u00a0\u00bb hover_enabled=\u00a0\u00bb0&Prime; global_colors_info=\u00a0\u00bb{}\u00a0\u00bb custom_css_main_element=\u00a0\u00bbmargin:auto;\u00a0\u00bb sticky_enabled=\u00a0\u00bb0&Prime;][et_pb_video src=\u00a0\u00bbhttps:\/\/www.youtube.com\/watch?v=FkQuawiGWUw\u00a0\u00bb _builder_version=\u00a0\u00bb4.20.4&Prime; _module_preset=\u00a0\u00bbdefault\u00a0\u00bb global_colors_info=\u00a0\u00bb{}\u00a0\u00bb][\/et_pb_video][\/et_pb_column][\/et_pb_row][\/et_pb_section][et_pb_section fb_built=\u00a0\u00bb1&Prime; prev_background_color=\u00a0\u00bb#7ebec5&Prime; _builder_version=\u00a0\u00bb4.20.4&Prime; _module_preset=\u00a0\u00bbdefault\u00a0\u00bb background_color=\u00a0\u00bb#FFFFFF\u00a0\u00bb custom_margin=\u00a0\u00bb||0px||false|false\u00a0\u00bb custom_padding=\u00a0\u00bb60px||0px||false|false\u00a0\u00bb top_divider_style=\u00a0\u00bbramp2&Prime; top_divider_flip=\u00a0\u00bbhorizontal|vertical\u00a0\u00bb global_colors_info=\u00a0\u00bb{}\u00a0\u00bb][et_pb_row column_structure=\u00a0\u00bb1_3,2_3&Prime; _builder_version=\u00a0\u00bb4.20.4&Prime; _module_preset=\u00a0\u00bbdefault\u00a0\u00bb global_colors_info=\u00a0\u00bb{}\u00a0\u00bb][et_pb_column type=\u00a0\u00bb1_3&Prime; _builder_version=\u00a0\u00bb4.20.4&Prime; _module_preset=\u00a0\u00bbdefault\u00a0\u00bb global_colors_info=\u00a0\u00bb{}\u00a0\u00bb][et_pb_image src=\u00a0\u00bbhttps:\/\/sailingmoon.fr\/wp-content\/uploads\/2024\/01\/Sailingmoon-Navigation-05765-2.jpg\u00a0\u00bb title_text=\u00a0\u00bbSailingmoon-Navigation-05765-2&Prime; _builder_version=\u00a0\u00bb4.20.4&Prime; _module_preset=\u00a0\u00bbdefault\u00a0\u00bb max_width=\u00a0\u00bb80%\u00a0\u00bb module_alignment=\u00a0\u00bbright\u00a0\u00bb global_colors_info=\u00a0\u00bb{}\u00a0\u00bb][\/et_pb_image][\/et_pb_column][et_pb_column type=\u00a0\u00bb2_3&Prime; _builder_version=\u00a0\u00bb4.20.4&Prime; _module_preset=\u00a0\u00bbdefault\u00a0\u00bb global_colors_info=\u00a0\u00bb{}\u00a0\u00bb][et_pb_text _builder_version=\u00a0\u00bb4.20.4&Prime; _module_preset=\u00a0\u00bbdefault\u00a0\u00bb hover_enabled=\u00a0\u00bb0&Prime; global_colors_info=\u00a0\u00bb{}\u00a0\u00bb sticky_enabled=\u00a0\u00bb0&Prime;]<\/p>\n<h2>Votre skipper<\/h2>\n<p>Le\u00a0Skipper\u00a0qui vous accompagne est un\u00a0professionnel de la mer<span>.<\/span><\/p>\n<p><span>Il est capable de g\u00e9rer le bateau seul, il s&rsquo;est orient\u00e9 par passion vers la voile et<\/span><span> est aussi form\u00e9 pour avoir une r\u00e9ponse adapt\u00e9e en cas de probl\u00e8me m\u00e9dical survenant durant la sortie en mer. Son expertise reconnue et son exp\u00e9rience de la mer font que vous pouvez lui faire confiance. Les conseils qu&rsquo;il vous donne sont avis\u00e9s et vous prot\u00e9gerons des al\u00e9as de la mer et du bateau.<\/span><\/p>\n<p><span>Il explore la M\u00e9diterran\u00e9e depuis de nombreuses ann\u00e9es et saura vous faire profiter des endroits les plus magiques.<\/span><\/p>\n<p>[\/et_pb_text][\/et_pb_column][\/et_pb_row][\/et_pb_section][et_pb_section fb_built=\u00a0\u00bb1&Prime; _builder_version=\u00a0\u00bb4.20.4&Prime; _module_preset=\u00a0\u00bbdefault\u00a0\u00bb background_color=\u00a0\u00bb#7ebec5&Prime; custom_margin=\u00a0\u00bb0px||||false|false\u00a0\u00bb custom_padding=\u00a0\u00bb10px||30px||false|false\u00a0\u00bb saved_tabs=\u00a0\u00bball\u00a0\u00bb global_colors_info=\u00a0\u00bb{}\u00a0\u00bb global_module=\u00a0\u00bb390&Prime; theme_builder_area=\u00a0\u00bbpost_content\u00a0\u00bb][et_pb_row _builder_version=\u00a0\u00bb4.20.4&Prime; _module_preset=\u00a0\u00bbdefault\u00a0\u00bb global_colors_info=\u00a0\u00bb{}\u00a0\u00bb theme_builder_area=\u00a0\u00bbpost_content\u00a0\u00bb][et_pb_column type=\u00a0\u00bb4_4&Prime; _builder_version=\u00a0\u00bb4.20.4&Prime; _module_preset=\u00a0\u00bbdefault\u00a0\u00bb global_colors_info=\u00a0\u00bb{}\u00a0\u00bb theme_builder_area=\u00a0\u00bbpost_content\u00a0\u00bb][et_pb_text _builder_version=\u00a0\u00bb4.20.4&Prime; _module_preset=\u00a0\u00bbdefault\u00a0\u00bb text_text_color=\u00a0\u00bb#FFFFFF\u00a0\u00bb text_orientation=\u00a0\u00bbcenter\u00a0\u00bb global_colors_info=\u00a0\u00bb{}\u00a0\u00bb theme_builder_area=\u00a0\u00bbpost_content\u00a0\u00bb]<\/p>\n<p><span style=\"color: #ffffff;\"><a href=\"https:\/\/sailingmoon.fr\/index.php\/mentions-legales\/\" style=\"color: #ffffff;\">Mentions l\u00e9gales<\/a><\/span><\/p>\n<p>&nbsp;<\/p>\n<p>Site r\u00e9alis\u00e9 par <span style=\"color: #ffffff;\"><a href=\"https:\/\/www.reseaugaya.com\/digital-systeme-information\/site-internet\/\" target=\"_blank\" rel=\"noopener\" style=\"color: #ffffff;\">GAYA<\/a> <\/span>&#8211; 2025<\/p>\n<p>[\/et_pb_text][\/et_pb_column][\/et_pb_row][\/et_pb_section]<\/p>\n","protected":false},"excerpt":{"rendered":"<p>Tarifs &amp; LocationLouer le Sailing Moon Cap sur la libert\u00e9 : l&rsquo;\u00e9vasion sur mesure Louer le Sailing Moon, c&rsquo;est s&rsquo;offrir une exp\u00e9rience de voyage unique, alliant confort, libert\u00e9 et s\u00e9r\u00e9nit\u00e9. Avec un itin\u00e9raire personnalis\u00e9, vous pouvez naviguer \u00e0 votre rythme et explorer des paysages \u00e0 couper le souffle. Que ce soit pour d\u00e9couvrir des criques [&hellip;]<\/p>\n","protected":false},"author":2,"featured_media":0,"parent":0,"menu_order":0,"comment_status":"closed","ping_status":"closed","template":"","meta":{"_et_pb_use_builder":"on","_et_pb_old_content":"","_et_gb_content_width":"","footnotes":""},"class_list":["post-253","page","type-page","status-publish","hentry"],"_links":{"self":[{"href":"https:\/\/sailingmoon.fr\/index.php\/wp-json\/wp\/v2\/pages\/253","targetHints":{"allow":["GET"]}}],"collection":[{"href":"https:\/\/sailingmoon.fr\/index.php\/wp-json\/wp\/v2\/pages"}],"about":[{"href":"https:\/\/sailingmoon.fr\/index.php\/wp-json\/wp\/v2\/types\/page"}],"author":[{"embeddable":true,"href":"https:\/\/sailingmoon.fr\/index.php\/wp-json\/wp\/v2\/users\/2"}],"replies":[{"embeddable":true,"href":"https:\/\/sailingmoon.fr\/index.php\/wp-json\/wp\/v2\/comments?post=253"}],"version-history":[{"count":12,"href":"https:\/\/sailingmoon.fr\/index.php\/wp-json\/wp\/v2\/pages\/253\/revisions"}],"predecessor-version":[{"id":411,"href":"https:\/\/sailingmoon.fr\/index.php\/wp-json\/wp\/v2\/pages\/253\/revisions\/411"}],"wp:attachment":[{"href":"https:\/\/sailingmoon.fr\/index.php\/wp-json\/wp\/v2\/media?parent=253"}],"curies":[{"name":"wp","href":"https:\/\/api.w.org\/{rel}","templated":true}]}}